{"id":2780,"date":"2020-05-12T17:02:42","date_gmt":"2020-05-12T20:02:42","guid":{"rendered":"https:\/\/www.suplementacaoalimentar.com.br\/site\/?post_type=product&#038;p=2780"},"modified":"2023-01-06T11:08:11","modified_gmt":"2023-01-06T13:08:11","slug":"racco-bio-therapy-menta","status":"publish","type":"product","link":"https:\/\/www.suplementacaoalimentar.com.br\/site\/produto\/racco-bio-therapy-menta\/","title":{"rendered":"Racco Bio Therapy Menta"},"content":{"rendered":"<p>Menta &#8211; revigora e estimula o corpo e a mente.<\/p>\n<p>menopausa passa no corpo para aliviar o calor, aliviar a respira\u00e7\u00e3o, tonifica a pele, crescimento capilar, al\u00edvio para intestino e est\u00f4mago, diminui a fome.<\/p>\n","protected":false},"excerpt":{"rendered":"<p>Bio Therapy RACCO<br \/>\nCont\u00e9m 10 ml- peso com embalagem 39 grs<\/p>\n","protected":false},"featured_media":2781,"template":"","meta":[],"product_cat":[],"product_tag":[],"_links":{"self":[{"href":"https:\/\/www.suplementacaoalimentar.com.br\/site\/wp-json\/wp\/v2\/product\/2780"}],"collection":[{"href":"https:\/\/www.suplementacaoalimentar.com.br\/site\/wp-json\/wp\/v2\/product"}],"about":[{"href":"https:\/\/www.suplementacaoalimentar.com.br\/site\/wp-json\/wp\/v2\/types\/product"}],"wp:featuredmedia":[{"embeddable":true,"href":"https:\/\/www.suplementacaoalimentar.com.br\/site\/wp-json\/wp\/v2\/media\/2781"}],"wp:attachment":[{"href":"https:\/\/www.suplementacaoalimentar.com.br\/site\/wp-json\/wp\/v2\/media?parent=2780"}],"wp:term":[{"taxonomy":"product_cat","embeddable":true,"href":"https:\/\/www.suplementacaoalimentar.com.br\/site\/wp-json\/wp\/v2\/product_cat?post=2780"},{"taxonomy":"product_tag","embeddable":true,"href":"https:\/\/www.suplementacaoalimentar.com.br\/site\/wp-json\/wp\/v2\/product_tag?post=2780"}],"curies":[{"name":"wp","href":"https:\/\/api.w.org\/{rel}","templated":true}]}}